{"id":22,"date":"2018-05-21T16:59:51","date_gmt":"2018-05-21T16:59:51","guid":{"rendered":"http:\/\/chorjugend-dietenhofen.de\/?page_id=22"},"modified":"2022-02-07T20:39:16","modified_gmt":"2022-02-07T20:39:16","slug":"vereinsgeschichte","status":"publish","type":"page","link":"https:\/\/chorjugend-dietenhofen.de\/?page_id=22","title":{"rendered":"Vereinsgeschichte"},"content":{"rendered":"<h4>Unser Verein \u201eChorjugend Dietenhofen e.V.\u201c besteht aus drei Ch\u00f6ren und wurde am 8.3.2004 gegr\u00fcndet. Am 30.7.2004 erfolgte die Eintragung ins Vereinsregister. (VR1039 Amstgericht Ansbach). Seitdem liegt die F\u00fchrung unserer Chorjugend in den H\u00e4nden\u00a0 junger Erwachsener und Jugendlichen.<\/h4>\n<h4>Durch die gro\u00dfe Unterst\u00fctzung des MGV 1839 gelang es uns 1992 den ersten Kinderchor in Dietenhofen ins Leben zu rufen. Mit den \u201eDietenhofener Ohrw\u00fcrmern\u201c konnten wir vielen jungen S\u00e4ngerinnen und S\u00e4ngern, die Liebe zum Singen n\u00e4her bringen.<\/h4>\n<h4>Da es immer mehr singende Kinder unterschiedlichster Altersgruppen gab, wurden 1995 f\u00fcr die Kleineren , der Kinderchor\u00a0 \u201eDietenhofener Ohrw\u00fcrmchen\u201c sowie 1998 f\u00fcr die \u00c4lteren, der Jugendchor \u201eYoung Voices\u201c gegr\u00fcndet. Somit konnte man den unterschiedlichen Anforderungen besser gerecht werden.<\/h4>\n<h4>Wir geh\u00f6ren zum S\u00e4ngerkreis F\u00fcrth (S\u00e4ngergruppe Biberttal-Cadolzburg). In unserem S\u00e4ngerkreis z\u00e4hlen wir mit rund 80 aktiven S\u00e4ngerinnen und S\u00e4ngern zu einer der gr\u00f6\u00dften Chorjugenden.<\/h4>\n<h4>Ab 2018 ist die Chorjugend Dietenhofen Anlaufstelle f\u00fcr Kinder- und Jugendch\u00f6re im Umkreis. Geplant sind u. a. Workshops und gemeinsame Konzerte.<\/h4>\n<h4>Ebenfalls sind wir Mitglied im Fr\u00e4nkischen S\u00e4ngerbund und in der Chorjugend im Fr\u00e4nkischen S\u00e4ngerbund. Dies bietet uns gro\u00dfe Vorteile bei Aus- und Fortbildungen f\u00fcr unsere jungen S\u00e4ngerinnen \/ S\u00e4nger sowie f\u00fcr unsere Chorleiter. Vor allem erfreuen wir uns regelm\u00e4\u00dfig an Chorwochenenden. Hier trifft man Gleichgesinnte, tauscht Erfahrungen aus und kann viel Neues mit nach Hause nehmen.<\/h4>\n<h4>Aktive S\u00e4ngerinnen und S\u00e4nger werden bei uns f\u00fcr Ihre Mitgliedschaft im 5-Jahres-Rhythmus geehrt. Die Ehrungen erfolgen bei den Konzerten. Die Urkunden werden im Namen des Deutschen Chorverbandes und der Chorjugend im FSB ausgestellt.<\/h4>\n<h2 style=\"text-align: center;\">Chorstufen<\/h2>\n<p><img loading=\"lazy\" decoding=\"async\" class=\"aligncenter size-large wp-image-60\" src=\"https:\/\/chorjugend-dietenhofen.de\/wp-content\/uploads\/2018\/05\/chorstufen-1024x410.png\" alt=\"\" width=\"750\" height=\"300\" srcset=\"https:\/\/chorjugend-dietenhofen.de\/wp-content\/uploads\/2018\/05\/chorstufen-1024x410.png 1024w, https:\/\/chorjugend-dietenhofen.de\/wp-content\/uploads\/2018\/05\/chorstufen-300x120.png 300w, https:\/\/chorjugend-dietenhofen.de\/wp-content\/uploads\/2018\/05\/chorstufen-768x307.png 768w\" sizes=\"(max-width: 750px) 100vw, 750px\" \/><\/p>\n","protected":false},"excerpt":{"rendered":"<p>Unser Verein \u201eChorjugend Dietenhofen e.V.\u201c besteht aus drei Ch\u00f6ren und wurde am 8.3.2004 gegr\u00fcndet. Am 30.7.2004 erfolgte die Eintragung ins Vereinsregister. (VR1039 Amstgericht Ansbach). Seitdem liegt die F\u00fchrung unserer Chorjugend [&hellip;]<\/p>\n","protected":false},"author":6,"featured_media":0,"parent":0,"menu_order":0,"comment_status":"closed","ping_status":"closed","template":"","meta":{"footnotes":""},"_links":{"self":[{"href":"https:\/\/chorjugend-dietenhofen.de\/index.php?rest_route=\/wp\/v2\/pages\/22"}],"collection":[{"href":"https:\/\/chorjugend-dietenhofen.de\/index.php?rest_route=\/wp\/v2\/pages"}],"about":[{"href":"https:\/\/chorjugend-dietenhofen.de\/index.php?rest_route=\/wp\/v2\/types\/page"}],"author":[{"embeddable":true,"href":"https:\/\/chorjugend-dietenhofen.de\/index.php?rest_route=\/wp\/v2\/users\/6"}],"replies":[{"embeddable":true,"href":"https:\/\/chorjugend-dietenhofen.de\/index.php?rest_route=%2Fwp%2Fv2%2Fcomments&post=22"}],"version-history":[{"count":8,"href":"https:\/\/chorjugend-dietenhofen.de\/index.php?rest_route=\/wp\/v2\/pages\/22\/revisions"}],"predecessor-version":[{"id":219,"href":"https:\/\/chorjugend-dietenhofen.de\/index.php?rest_route=\/wp\/v2\/pages\/22\/revisions\/219"}],"wp:attachment":[{"href":"https:\/\/chorjugend-dietenhofen.de\/index.php?rest_route=%2Fwp%2Fv2%2Fmedia&parent=22"}],"curies":[{"name":"wp","href":"https:\/\/api.w.org\/{rel}","templated":true}]}}