{"id":28,"date":"2018-05-21T17:00:50","date_gmt":"2018-05-21T17:00:50","guid":{"rendered":"http:\/\/chorjugend-dietenhofen.de\/?page_id=28"},"modified":"2019-01-19T11:51:37","modified_gmt":"2019-01-19T11:51:37","slug":"ohrwurmer","status":"publish","type":"page","link":"https:\/\/chorjugend-dietenhofen.de\/?page_id=28","title":{"rendered":"Ohrw\u00fcrmer"},"content":{"rendered":"<h4 class=\"textbox\" dir=\"ltr\">Gegr\u00fcndet: 1992<\/h4>\n<h4 class=\"textbox\" dir=\"ltr\">Hier ist das Singen ab dem 8. Lebensjahr m\u00f6glich<\/h4>\n<h4 class=\"textbox\" dir=\"ltr\">Probezeiten: Altes Schloss Dietenhofen, Montag von 18.00\u201319.00 Uhr<\/h4>\n<h4 class=\"textbox\" dir=\"ltr\">Chorleitung: Lena Friedl<\/h4>\n<h4 class=\"textbox\" dir=\"ltr\">Repertoire:<\/h4>\n<h4>Bekannte Lieder wie \u201eLet it go\u201c aus FROZEN, \u00fcber \u201eAuf Uns\u201c von Andreas Burani, bis hin zu Spirituals singen unsere \/die Ohrw\u00fcrmer alles, was das Herz ber\u00fchrt, die F\u00fc\u00dfe zum Tanzen bringt und die Seele zum Lachen bringt.<\/h4>\n<h4>Mehrstimmig Singen, sowie Choreographien stehen auf der Skala \u201em\u00f6chten wir unbedingt auch k\u00f6nnen\u201c ganz weit oben. Der Spa\u00dffaktor ist bei so viel Abwechslung und Freude an der Probe garantiert.<\/h4>\n","protected":false},"excerpt":{"rendered":"<p>Gegr\u00fcndet: 1992 Hier ist das Singen ab dem 8. Lebensjahr m\u00f6glich Probezeiten: Altes Schloss Dietenhofen, Montag von 18.00\u201319.00 Uhr Chorleitung: Lena Friedl Repertoire: Bekannte Lieder wie \u201eLet it go\u201c aus [&hellip;]<\/p>\n","protected":false},"author":6,"featured_media":69,"parent":24,"menu_order":0,"comment_status":"closed","ping_status":"closed","template":"","meta":{"footnotes":""},"_links":{"self":[{"href":"https:\/\/chorjugend-dietenhofen.de\/index.php?rest_route=\/wp\/v2\/pages\/28"}],"collection":[{"href":"https:\/\/chorjugend-dietenhofen.de\/index.php?rest_route=\/wp\/v2\/pages"}],"about":[{"href":"https:\/\/chorjugend-dietenhofen.de\/index.php?rest_route=\/wp\/v2\/types\/page"}],"author":[{"embeddable":true,"href":"https:\/\/chorjugend-dietenhofen.de\/index.php?rest_route=\/wp\/v2\/users\/6"}],"replies":[{"embeddable":true,"href":"https:\/\/chorjugend-dietenhofen.de\/index.php?rest_route=%2Fwp%2Fv2%2Fcomments&post=28"}],"version-history":[{"count":12,"href":"https:\/\/chorjugend-dietenhofen.de\/index.php?rest_route=\/wp\/v2\/pages\/28\/revisions"}],"predecessor-version":[{"id":176,"href":"https:\/\/chorjugend-dietenhofen.de\/index.php?rest_route=\/wp\/v2\/pages\/28\/revisions\/176"}],"up":[{"embeddable":true,"href":"https:\/\/chorjugend-dietenhofen.de\/index.php?rest_route=\/wp\/v2\/pages\/24"}],"wp:featuredmedia":[{"embeddable":true,"href":"https:\/\/chorjugend-dietenhofen.de\/index.php?rest_route=\/wp\/v2\/media\/69"}],"wp:attachment":[{"href":"https:\/\/chorjugend-dietenhofen.de\/index.php?rest_route=%2Fwp%2Fv2%2Fmedia&parent=28"}],"curies":[{"name":"wp","href":"https:\/\/api.w.org\/{rel}","templated":true}]}}