{"id":35,"date":"2018-05-21T17:04:06","date_gmt":"2018-05-21T17:04:06","guid":{"rendered":"http:\/\/chorjugend-dietenhofen.de\/?page_id=35"},"modified":"2021-06-13T17:21:00","modified_gmt":"2021-06-13T17:21:00","slug":"mitgliedschaft","status":"publish","type":"page","link":"https:\/\/chorjugend-dietenhofen.de\/?page_id=35","title":{"rendered":"Mitgliedschaft"},"content":{"rendered":"<h4>Die Chorjugend freut sich nat\u00fcrlich immer \u00fcber neue Mitglieder, die sich f\u00fcrs Singen begeistern k\u00f6nnen.<br \/>\nDie Kinder \/ Jugendlichen k\u00f6nnen nat\u00fcrlich ruhig ein paar Mal bei unseren Ch\u00f6ren zum \u201eSchnuppersingen\u201c vorbeikommen und sich dann in Ruhe entscheiden, ob Sie Teil unserer gro\u00dfen Chorjugend werden wollen.<br \/>\nWenn sie dann, was uns sehr freuen w\u00fcrde, in einen Chor eintreten wollen, bitten wir Sie einfach, den zum Download bereitstehenden Mitgliedsantrag ausgef\u00fcllt bei den Chorleiterinnen oder direkt beim Vorstand abzugeben.<br \/>\nUnser Jahresbeitrag betr\u00e4gt:<\/h4>\n<ul>\n<li>\n<h4>Ohrw\u00fcrmchen und Ohrw\u00fcrmer: 40,00 \u20ac<\/h4>\n<\/li>\n<li>\n<h4>Jugendchor Young Voices: 50,00 \u20ac<\/h4>\n<\/li>\n<\/ul>\n<h4><\/h4>\n<h4>1. Das Mitgliedsjahr beginnt jeweils am 1.1 des Jahres und endet am 31.12 desselben Jahres.<\/h4>\n<h4>2. Die Mitgliedschaft verl\u00e4ngert sich jeweils um ein Jahr, sofern sie nicht gek\u00fcndigt wird.<\/h4>\n<h4>3. Die K\u00fcndigungsfrist endet am 31.12 eines Jahres. Eine K\u00fcndigung ist immer schriftlich bei der Vorstandschaft einzureichen oder an die Mail Adresse der Chorjugend zu schicken. K\u00fcndigungen die w\u00e4hrend des Jahres eingehen, sind zum Jahresende desselben Jahres wirksam, d.h. die Mitgliedschaft besteht bis zum Jahresschluss.<\/h4>\n<h4>4. Im Eintritts-\/Austrittsjahr ist immer der volle Mitgliedsbeitrag zur Zahlung f\u00e4llig \u2013 unabh\u00e4ngig vom<br \/>\nEintritts-\/Austrittsdatum.<\/h4>\n<ul>\n<li>\n<h4><a href=\"https:\/\/chorjugend-dietenhofen.de\/wp-content\/uploads\/2019\/07\/Anmeldung-neu-Juli-2019.pdf\">Mitgliedsformular der Chorjugend Dietenhofen e.V. als PDF zum Herunterladen<\/a><\/h4>\n<\/li>\n<li>\n<h4><a href=\"https:\/\/chorjugend-dietenhofen.de\/wp-content\/uploads\/2020\/09\/Satzung-Neu-der-Chorjugend-Dietenhofen-2020.pdf\">Satzung der Chorjugend Dietenhofen e.V. als PDF zum Herunterladen<\/a><\/h4>\n<\/li>\n<li>\n<h4><a href=\"https:\/\/chorjugend-dietenhofen.de\/wp-content\/uploads\/2018\/06\/Verhaltenskodex-Chorjugend-Dietenhofen-e.V..pdf\">Verhaltenskodex der Chorjugend Dietenhofen e.V. als PDF zum Herunterladen<\/a><\/h4>\n<\/li>\n<li>\n<h4><a href=\"https:\/\/chorjugend-dietenhofen.de\/wp-content\/uploads\/2021\/06\/Hygienekonzept-Chorproben-Neu-.pdf\">Hygienekonzept f\u00fcr Chorproben der Chorjugend Dietenhofen e.V. als PDF zum Herunterladen<\/a><\/h4>\n<\/li>\n<\/ul>\n","protected":false},"excerpt":{"rendered":"<p>Die Chorjugend freut sich nat\u00fcrlich immer \u00fcber neue Mitglieder, die sich f\u00fcrs Singen begeistern k\u00f6nnen. Die Kinder \/ Jugendlichen k\u00f6nnen nat\u00fcrlich ruhig ein paar Mal bei unseren Ch\u00f6ren zum \u201eSchnuppersingen\u201c [&hellip;]<\/p>\n","protected":false},"author":6,"featured_media":0,"parent":0,"menu_order":0,"comment_status":"closed","ping_status":"closed","template":"","meta":{"footnotes":""},"_links":{"self":[{"href":"https:\/\/chorjugend-dietenhofen.de\/index.php?rest_route=\/wp\/v2\/pages\/35"}],"collection":[{"href":"https:\/\/chorjugend-dietenhofen.de\/index.php?rest_route=\/wp\/v2\/pages"}],"about":[{"href":"https:\/\/chorjugend-dietenhofen.de\/index.php?rest_route=\/wp\/v2\/types\/page"}],"author":[{"embeddable":true,"href":"https:\/\/chorjugend-dietenhofen.de\/index.php?rest_route=\/wp\/v2\/users\/6"}],"replies":[{"embeddable":true,"href":"https:\/\/chorjugend-dietenhofen.de\/index.php?rest_route=%2Fwp%2Fv2%2Fcomments&post=35"}],"version-history":[{"count":17,"href":"https:\/\/chorjugend-dietenhofen.de\/index.php?rest_route=\/wp\/v2\/pages\/35\/revisions"}],"predecessor-version":[{"id":211,"href":"https:\/\/chorjugend-dietenhofen.de\/index.php?rest_route=\/wp\/v2\/pages\/35\/revisions\/211"}],"wp:attachment":[{"href":"https:\/\/chorjugend-dietenhofen.de\/index.php?rest_route=%2Fwp%2Fv2%2Fmedia&parent=35"}],"curies":[{"name":"wp","href":"https:\/\/api.w.org\/{rel}","templated":true}]}}